{"id":29,"date":"2024-03-25T13:48:05","date_gmt":"2024-03-25T13:48:05","guid":{"rendered":"https:\/\/luxeblingz.lu\/home\/"},"modified":"2024-03-27T11:11:18","modified_gmt":"2024-03-27T11:11:18","slug":"home","status":"publish","type":"page","link":"https:\/\/luxeblingz.lu\/fr\/","title":{"rendered":"Home"},"content":{"rendered":"<div class=\"wpb-content-wrapper\"><p>[vc_section][vc_row][vc_column][vc_column_text]<\/p>\n<p style=\"text-align: center;\">ACTUELLEMENT r\u00e9serv\u00e9 aux r\u00e9sidents du Luxembourg<\/p>\n<div id=\"gtx-trans\" style=\"position: absolute; left: 131px; top: -11.6px;\">\n<div class=\"gtx-trans-icon\"><\/div>\n<\/div>\n<p>[\/vc_column_text][\/vc_column][\/vc_row][vc_row][vc_column width=\u00a0\u00bb1\/4&Prime;][\/vc_column][vc_column width=\u00a0\u00bb1\/2&Prime;]\n<div class=\"wpcf7 no-js\" id=\"wpcf7-f31-o1\" lang=\"fr-FR\" dir=\"ltr\">\n<div class=\"screen-reader-response\"><p role=\"status\" aria-live=\"polite\" aria-atomic=\"true\"><\/p> <ul><\/ul><\/div>\n<form action=\"\/fr\/wp-json\/wp\/v2\/pages\/29#wpcf7-f31-o1\" method=\"post\" class=\"wpcf7-form init\" aria-label=\"Formulaire de contact\" novalidate=\"novalidate\" data-status=\"init\">\n<div style=\"display: none;\">\n<input type=\"hidden\" name=\"_wpcf7\" value=\"31\" \/>\n<input type=\"hidden\" name=\"_wpcf7_version\" value=\"5.9.3\" \/>\n<input type=\"hidden\" name=\"_wpcf7_locale\" value=\"fr_FR\" \/>\n<input type=\"hidden\" name=\"_wpcf7_unit_tag\" value=\"wpcf7-f31-o1\" \/>\n<input type=\"hidden\" name=\"_wpcf7_container_post\" value=\"0\" \/>\n<input type=\"hidden\" name=\"_wpcf7_posted_data_hash\" value=\"\" \/>\n<\/div>\n<p><label> Pr\u00e9nom<br \/>\n<span class=\"wpcf7-form-control-wrap\" data-name=\"first-name\"><input size=\"40\" class=\"wpcf7-form-control wpcf7-text wpcf7-validates-as-required\" autocomplete=\"name\" aria-required=\"true\" aria-invalid=\"false\" value=\"\" type=\"text\" name=\"first-name\" \/><\/span> <\/label>\n<\/p>\n<p><label> Nom de famille<br \/>\n<span class=\"wpcf7-form-control-wrap\" data-name=\"last-name\"><input size=\"40\" class=\"wpcf7-form-control wpcf7-text wpcf7-validates-as-required\" autocomplete=\"name\" aria-required=\"true\" aria-invalid=\"false\" value=\"\" type=\"text\" name=\"last-name\" \/><\/span> <\/label>\n<\/p>\n<p><label> Mail<br \/>\n<span class=\"wpcf7-form-control-wrap\" data-name=\"mail\"><input size=\"40\" class=\"wpcf7-form-control wpcf7-email wpcf7-validates-as-required wpcf7-text wpcf7-validates-as-email\" autocomplete=\"email\" aria-required=\"true\" aria-invalid=\"false\" value=\"\" type=\"email\" name=\"mail\" \/><\/span> <\/label>\n<\/p>\n<p><label> T\u00e9l\u00e9phone<br \/>\n<span class=\"wpcf7-form-control-wrap\" data-name=\"phone\"><input size=\"40\" class=\"wpcf7-form-control wpcf7-tel wpcf7-text wpcf7-validates-as-tel\" aria-invalid=\"false\" value=\"\" type=\"tel\" name=\"phone\" \/><\/span><\/label>\n<\/p>\n<p><label> Marque<br \/>\n<span class=\"wpcf7-form-control-wrap\" data-name=\"brand\"><input size=\"40\" class=\"wpcf7-form-control wpcf7-text wpcf7-validates-as-required\" aria-required=\"true\" aria-invalid=\"false\" value=\"\" type=\"text\" name=\"brand\" \/><\/span> <\/label>\n<\/p>\n<p><label> Mat\u00e9riau<br \/>\n<span class=\"wpcf7-form-control-wrap\" data-name=\"material\"><select class=\"wpcf7-form-control wpcf7-select\" aria-invalid=\"false\" name=\"material\"><option value=\"\">&#8212;Veuillez choisir une option&#8212;<\/option><option value=\"Or 22ct\">Or 22ct<\/option><option value=\"Or 18ct\">Or 18ct<\/option><option value=\"Or 14 ct\">Or 14 ct<\/option><option value=\"Or 9 ct\">Or 9 ct<\/option><option value=\"Argent\">Argent<\/option><option value=\"Platine\">Platine<\/option><option value=\"Acier inoxydable\">Acier inoxydable<\/option><option value=\"Acier inoxydable &amp; or\">Acier inoxydable &amp; or<\/option><option value=\"Titane\">Titane<\/option><\/select><\/span> <\/label>\n<\/p>\n<p><label> Description d\u00e9taill\u00e9e<br \/>\n<span class=\"wpcf7-form-control-wrap\" data-name=\"object-details\"><textarea cols=\"40\" rows=\"10\" class=\"wpcf7-form-control wpcf7-textarea\" aria-invalid=\"false\" name=\"object-details\"><\/textarea><\/span> <\/label>\n<\/p>\n<p><label> Poids (en grammes)<br \/>\n<span class=\"wpcf7-form-control-wrap\" data-name=\"weight\"><input class=\"wpcf7-form-control wpcf7-number wpcf7-validates-as-number\" min=\"1\" max=\"10000\" aria-invalid=\"false\" value=\"\" type=\"number\" name=\"weight\" \/><\/span> <\/label>\n<\/p>\n<p><label> Pierres Description<br \/>\n<span class=\"wpcf7-form-control-wrap\" data-name=\"stone-details\"><textarea cols=\"40\" rows=\"10\" class=\"wpcf7-form-control wpcf7-textarea\" aria-invalid=\"false\" name=\"stone-details\"><\/textarea><\/span> <\/label>\n<\/p>\n<p><label> Nombre de pierres<br \/>\n<span class=\"wpcf7-form-control-wrap\" data-name=\"stone-count\"><input class=\"wpcf7-form-control wpcf7-number wpcf7-validates-as-number\" min=\"1\" max=\"10000\" aria-invalid=\"false\" value=\"\" type=\"number\" name=\"stone-count\" \/><\/span> <\/label>\n<\/p>\n<p>Certificat disponible<br \/>\n<span class=\"wpcf7-form-control-wrap\" data-name=\"certificate\"><span class=\"wpcf7-form-control wpcf7-radio\"><span class=\"wpcf7-list-item first\"><label><input type=\"radio\" name=\"certificate\" value=\"Oui\" checked=\"checked\" \/><span class=\"wpcf7-list-item-label\">Oui<\/span><\/label><\/span><span class=\"wpcf7-list-item last\"><label><input type=\"radio\" name=\"certificate\" value=\"Non\" \/><span class=\"wpcf7-list-item-label\">Non<\/span><\/label><\/span><\/span><\/span>\n<\/p>\n<p>Caisse d'origine disponible<br \/>\n<span class=\"wpcf7-form-control-wrap\" data-name=\"original-package\"><span class=\"wpcf7-form-control wpcf7-radio\"><span class=\"wpcf7-list-item first\"><label><input type=\"radio\" name=\"original-package\" value=\"Oui\" checked=\"checked\" \/><span class=\"wpcf7-list-item-label\">Oui<\/span><\/label><\/span><span class=\"wpcf7-list-item last\"><label><input type=\"radio\" name=\"original-package\" value=\"Non\" \/><span class=\"wpcf7-list-item-label\">Non<\/span><\/label><\/span><\/span><\/span>\n<\/p>\n<p>Facture originale disponible<br \/>\n<span class=\"wpcf7-form-control-wrap\" data-name=\"original-bill\"><span class=\"wpcf7-form-control wpcf7-radio\"><span class=\"wpcf7-list-item first\"><label><input type=\"radio\" name=\"original-bill\" value=\"Oui\" checked=\"checked\" \/><span class=\"wpcf7-list-item-label\">Oui<\/span><\/label><\/span><span class=\"wpcf7-list-item last\"><label><input type=\"radio\" name=\"original-bill\" value=\"Non\" \/><span class=\"wpcf7-list-item-label\">Non<\/span><\/label><\/span><\/span><\/span>\n<\/p>\n<p><label> Prix de vente souhait\u00e9 en \u20ac (par exemple 19.99\u20ac )<br \/>\n<span class=\"wpcf7-form-control-wrap\" data-name=\"wish-price\"><input class=\"wpcf7-form-control wpcf7-number wpcf7-validates-as-required wpcf7-validates-as-number\" min=\"1\" max=\"10000\" aria-required=\"true\" aria-invalid=\"false\" value=\"1\" type=\"number\" name=\"wish-price\" \/><\/span> <\/label>\n<\/p>\n<p><label> Article Condition<br \/>\n<span class=\"wpcf7-form-control-wrap\" data-name=\"condition\"><select class=\"wpcf7-form-control wpcf7-select\" aria-invalid=\"false\" name=\"condition\"><option value=\"\">&#8212;Veuillez choisir une option&#8212;<\/option><option value=\"Nouveau\">Nouveau<\/option><option value=\"Presque comme neuf\">Presque comme neuf<\/option><option value=\"Traces d&#039;utilisation\">Traces d&#039;utilisation<\/option><option value=\"Fortes traces d&#039;utilisation\">Fortes traces d&#039;utilisation<\/option><\/select><\/span> <\/label>\n<\/p>\n<p><label> Plus d'informations<br \/>\n<span class=\"wpcf7-form-control-wrap\" data-name=\"additional-information\"><textarea cols=\"40\" rows=\"10\" class=\"wpcf7-form-control wpcf7-textarea\" aria-invalid=\"false\" name=\"additional-information\"><\/textarea><\/span> <\/label>\n<\/p>\n<p>\u201eVeuillez nous envoyer 5-6 tr\u00e8s bonnes photos \u00e0 ce num\u00e9ro de t\u00e9l\u00e9phone portable +352691444734\u201c\n<\/p>\n<p>\u201eNous vous contacterons si l'objet est ajout\u00e9 \u00e0 notre catalogue.\u201c\n<\/p>\n<p><input class=\"wpcf7-form-control wpcf7-submit has-spinner\" type=\"submit\" value=\"Envoyer\" \/>\n<\/p><div class=\"wpcf7-response-output\" aria-hidden=\"true\"><\/div>\n<\/form>\n<\/div>\n[\/vc_column][vc_column width=\u00a0\u00bb1\/4&Prime;][\/vc_column][\/vc_row][\/vc_section]<\/p>\n<\/div>","protected":false},"excerpt":{"rendered":"<p>[vc_section][vc_row][vc_column][vc_column_text] ACTUELLEMENT r\u00e9serv\u00e9 aux r\u00e9sidents du Luxembourg [\/vc_column_text][\/vc_column][\/vc_row][vc_row][vc_column width=\u00a0\u00bb1\/4&Prime;][\/vc_column][vc_column width=\u00a0\u00bb1\/2&Prime;][\/vc_column][vc_column width=\u00a0\u00bb1\/4&Prime;][\/vc_column][\/vc_row][\/vc_section]<\/p>\n","protected":false},"author":1,"featured_media":0,"parent":0,"menu_order":0,"comment_status":"closed","ping_status":"closed","template":"","meta":{"footnotes":""},"class_list":["post-29","page","type-page","status-publish","hentry"],"_links":{"self":[{"href":"https:\/\/luxeblingz.lu\/fr\/wp-json\/wp\/v2\/pages\/29","targetHints":{"allow":["GET"]}}],"collection":[{"href":"https:\/\/luxeblingz.lu\/fr\/wp-json\/wp\/v2\/pages"}],"about":[{"href":"https:\/\/luxeblingz.lu\/fr\/wp-json\/wp\/v2\/types\/page"}],"author":[{"embeddable":true,"href":"https:\/\/luxeblingz.lu\/fr\/wp-json\/wp\/v2\/users\/1"}],"replies":[{"embeddable":true,"href":"https:\/\/luxeblingz.lu\/fr\/wp-json\/wp\/v2\/comments?post=29"}],"version-history":[{"count":2,"href":"https:\/\/luxeblingz.lu\/fr\/wp-json\/wp\/v2\/pages\/29\/revisions"}],"predecessor-version":[{"id":36,"href":"https:\/\/luxeblingz.lu\/fr\/wp-json\/wp\/v2\/pages\/29\/revisions\/36"}],"wp:attachment":[{"href":"https:\/\/luxeblingz.lu\/fr\/wp-json\/wp\/v2\/media?parent=29"}],"curies":[{"name":"wp","href":"https:\/\/api.w.org\/{rel}","templated":true}]}}